{"id":557,"date":"2021-11-03T17:33:11","date_gmt":"2021-11-03T17:33:11","guid":{"rendered":"https:\/\/wawp.pl\/prezenty\/?page_id=557"},"modified":"2021-11-25T12:00:24","modified_gmt":"2021-11-25T12:00:24","slug":"polityka-prywatnosci","status":"publish","type":"page","link":"https:\/\/wawp.pl\/prezenty\/polityka-prywatnosci\/","title":{"rendered":"Polityka prywatno\u015bci"},"content":{"rendered":"<div class=\"elementor-element elementor-element-6d2a57a elementor-widget elementor-widget-heading\" data-id=\"6d2a57a\" data-element_type=\"widget\" data-widget_type=\"heading.default\">\n<div class=\"elementor-widget-container\">\n<p style=\"padding-left: 40px;\">1. Szanuj\u0105c Twoje prawa oraz respektuj\u0105c przepisy Rozporz\u0105dzenia Parlamentu Europejskiego i Rady (UE) 2016\/679 z dnia 27 kwietnia 2016 r. w sprawie ochrony os\u00f3b fizycznych w zwi\u0105zku z przetwarzaniem danych osobowych i w sprawie swobodnego przep\u0142ywu takich danych oraz uchylenia dyrektywy 95\/46\/WE (RODO), o\u015bwiadczamy, \u017ce zobowi\u0105zujemy si\u0119 do zachowania bezpiecze\u0144stwa i poufno\u015bci pozyskanych danych osobowych. Wszyscy pracownicy sklepu zostali odpowiednio przeszkoleni w zakresie przetwarzania i ochrony danych osobowych.<\/p>\n<p style=\"padding-left: 40px;\">2. Administratorem Danych Osobowych jest:<\/p>\n<p style=\"padding-left: 80px;\"><a href=\"https:\/\/wawp.pl\/prezenty\">podarunkinaokazje.pl<\/a> <strong>Pick and Taste \u0141ukasz Sosi\u0144ski, Piotr Ko\u0142odziejczak Sp. J.<\/strong><\/p>\n<p style=\"padding-left: 40px;\">3. Zbieramy nast\u0119puj\u0105ce dane osobowe:<\/p>\n<ul>\n<li style=\"list-style-type: none;\">\n<ul>\n<li>Imi\u0119 i nazwisko, adres, nr telefonu, adres e-mail \u2013 podczas sk\u0142adania zam\u00f3wienia b\u0119dziesz proszony o podanie tych danych w celu zrealizowania zawieranej umowy i mo\u017cliwo\u015bci kontaktu z Tob\u0105,<\/li>\n<li>Adres IP \u2013 informacje wynikaj\u0105ce z og\u00f3lnych zasad po\u0142\u0105cze\u0144 realizowanych w Internecie takie jak adres IP (oraz inne informacje zawarte w logach systemowych) wykorzystywane s\u0105 przez administratora serwera w celach technicznych. Adresy IP mog\u0105 te\u017c by\u0107 wykorzystywane w celach statystycznych \u2013 do zbierania og\u00f3lnych informacji demograficznych (np. o regionie, z kt\u00f3rego nast\u0119puje po\u0142\u0105czenie).<\/li>\n<li>Cookies \u2013 nasz sklep wykorzystuje technologi\u0119 Cookies w celu dostosowania serwisu do Twoich indywidualnych potrzeb. Mo\u017cesz zgodzi\u0107 si\u0119 na to, aby wpisane przez Ciebie dane zosta\u0142y zapami\u0119tane i by\u015b m\u00f3g\u0142 bez powt\u00f3rnego wpisywania korzysta\u0107 z nich przy nast\u0119pnych odwiedzinach na stronach serwisu internetowego. W\u0142a\u015bciciele innych witryn nie b\u0119d\u0105 mieli dost\u0119pu do tych danych. Je\u017celi nie zgadzasz si\u0119 na personalizowanie serwisu, proponujemy wy\u0142\u0105czenie obs\u0142ugi cookies w opcjach przegl\u0105darki. internetowej.<\/li>\n<\/ul>\n<\/li>\n<\/ul>\n<p style=\"padding-left: 40px;\">4. Podanie powy\u017cszych danych nast\u0119puje w poni\u017cszych przypadkach:<\/p>\n<ul>\n<li style=\"list-style-type: none;\">\n<ul>\n<li>Dokonuj\u0105c zakupu w naszym sklepie bez logowania konta po realizacji takiego zam\u00f3wienia z naszej bazy usuwamy wszelkie dane mog\u0105ce zidentyfikowa\u0107 Twoj\u0105 osob\u0119 (imi\u0119, nazwisko, adres, nr telefonu, adres email). Pozostaje tylko dokument sprzeda\u017cy przechowywany na potrzeby fiskalne.<\/li>\n<li>Rejestracja w bazie Klient\u00f3w \u2013 jest dobrowolna Przechowujemy te dane w bazie aby u\u0142atwi\u0107 Tobie w przysz\u0142o\u015bci zakupy w naszym sklepie internetowym.<\/li>\n<li>Je\u015bli chcesz by\u0107 informowany o ciekawych wydarzeniach i ofertach handlowych mo\u017cesz zosta\u0107 abonentem newslettera. Przyst\u0105pienie jest dobrowolne i w ka\u017cdej chwili mo\u017cesz si\u0119 z niego wypisa\u0107. Podczas sk\u0142adania zam\u00f3wienia mo\u017cesz te\u017c wyrazi\u0107 zgod\u0119 na przetwarzanie danych osobowych w celach marketingowych, ofertowych, wysy\u0142ania wiadomo\u015bci telekomunikacyjnych lub profilowania. Taka zgoda nie jest konieczna do zrealizowania umowy.<\/li>\n<\/ul>\n<\/li>\n<\/ul>\n<p style=\"padding-left: 40px;\">5. Ka\u017cdy U\u017cytkownik naszego serwisu ma mo\u017cliwo\u015b\u0107 wyboru, czy i w jakim zakresie chce korzysta\u0107 z naszych us\u0142ug i udost\u0119pnia\u0107 informacje o sobie. Je\u017celi z jaki\u015b wzgl\u0119d\u00f3w nie \u017cyczysz sobie pozostawienia swoich danych osobowych to masz prawo do ich usuni\u0119cia lub nie korzystania z naszego serwisu.<\/p>\n<p style=\"padding-left: 40px;\">6. Nie przechowujemy danych poufnych jak numery Twoich kart kredytowych.<\/p>\n<p style=\"padding-left: 40px;\">7. Zgodnie z postanowieniami Rozporz\u0105dzenia Parlamentu Europejskiego i Rady (UE) 2016\/679 z dnia 27 kwietnia 2016 r. w sprawie ochrony os\u00f3b fizycznych w zwi\u0105zku z przetwarzaniem danych osobowych i w sprawie swobodnego przep\u0142ywu takich danych oraz uchylenia dyrektywy 95\/46\/WE (RODO) masz prawo poprawiania, uzupe\u0142niania, uaktualnienia, sprostowania, \u017c\u0105dania usuni\u0119cia lub przeniesienia swoich danych osobowych. W tym celu prze\u015blij e\u2013mail pod adres info@podarunkinaokazje.pl lub napisz list na adres:<\/p>\n<p style=\"padding-left: 120px;\"><a href=\"https:\/\/wawp.pl\/prezenty\">podarunkinaokazje.pl<\/a><strong> Pick and Taste \u0141ukasz Sosi\u0144ski, Piotr Ko\u0142odziejczak Sp. J.<\/strong><\/p>\n<p style=\"padding-left: 40px;\">8. Integraln\u0105 cz\u0119\u015bci\u0105 niniejszej Polityki Prywatno\u015bci jest Klauzula Informacyjna dost\u0119pna na stronie naszego portalu.<\/p>\n<\/div>\n<\/div>\n","protected":false},"excerpt":{"rendered":"<p>1. Szanuj\u0105c Twoje prawa oraz respektuj\u0105c przepisy Rozporz\u0105dzenia Parlamentu Europejskiego i Rady (UE) 2016\/679 z dnia 27 kwietnia 2016 r. w sprawie ochrony os\u00f3b fizycznych w zwi\u0105zku z przetwarzaniem danych osobowych i w sprawie swobodnego przep\u0142ywu takich danych oraz uchylenia dyrektywy 95\/46\/WE (RODO), o\u015bwiadczamy, \u017ce zobowi\u0105zujemy si\u0119 do zachowania bezpiecze\u0144stwa i poufno\u015bci pozyskanych danych osobowych. [&hellip;]<\/p>\n","protected":false},"author":3,"featured_media":0,"parent":0,"menu_order":0,"comment_status":"closed","ping_status":"closed","template":"","meta":{"_acf_changed":false,"footnotes":""},"class_list":["post-557","page","type-page","status-publish","hentry"],"acf":[],"yoast_head":"<!-- This site is optimized with the Yoast SEO plugin v27.3 - https:\/\/yoast.com\/product\/yoast-seo-wordpress\/ -->\n<title>Polityka prywatno\u015bci - Zestawy \u015awi\u0105teczne<\/title>\n<meta name=\"robots\" content=\"index, follow, max-snippet:-1, max-image-preview:large, max-video-preview:-1\" \/>\n<link rel=\"canonical\" href=\"https:\/\/wawp.pl\/prezenty\/polityka-prywatnosci\/\" \/>\n<meta property=\"og:locale\" content=\"pl_PL\" \/>\n<meta property=\"og:type\" content=\"article\" \/>\n<meta property=\"og:title\" content=\"Polityka prywatno\u015bci - Zestawy \u015awi\u0105teczne\" \/>\n<meta property=\"og:description\" content=\"1. Szanuj\u0105c Twoje prawa oraz respektuj\u0105c przepisy Rozporz\u0105dzenia Parlamentu Europejskiego i Rady (UE) 2016\/679 z dnia 27 kwietnia 2016 r. w sprawie ochrony os\u00f3b fizycznych w zwi\u0105zku z przetwarzaniem danych osobowych i w sprawie swobodnego przep\u0142ywu takich danych oraz uchylenia dyrektywy 95\/46\/WE (RODO), o\u015bwiadczamy, \u017ce zobowi\u0105zujemy si\u0119 do zachowania bezpiecze\u0144stwa i poufno\u015bci pozyskanych danych osobowych. [&hellip;]\" \/>\n<meta property=\"og:url\" content=\"https:\/\/wawp.pl\/prezenty\/polityka-prywatnosci\/\" \/>\n<meta property=\"og:site_name\" content=\"Zestawy \u015awi\u0105teczne\" \/>\n<meta property=\"article:modified_time\" content=\"2021-11-25T12:00:24+00:00\" \/>\n<meta name=\"twitter:card\" content=\"summary_large_image\" \/>\n<meta name=\"twitter:label1\" content=\"Szacowany czas czytania\" \/>\n\t<meta name=\"twitter:data1\" content=\"3 minuty\" \/>\n<script type=\"application\/ld+json\" class=\"yoast-schema-graph\">{\"@context\":\"https:\\\/\\\/schema.org\",\"@graph\":[{\"@type\":\"WebPage\",\"@id\":\"https:\\\/\\\/wawp.pl\\\/prezenty\\\/polityka-prywatnosci\\\/\",\"url\":\"https:\\\/\\\/wawp.pl\\\/prezenty\\\/polityka-prywatnosci\\\/\",\"name\":\"Polityka prywatno\u015bci - Zestawy \u015awi\u0105teczne\",\"isPartOf\":{\"@id\":\"https:\\\/\\\/wawp.pl\\\/prezenty\\\/#website\"},\"datePublished\":\"2021-11-03T17:33:11+00:00\",\"dateModified\":\"2021-11-25T12:00:24+00:00\",\"breadcrumb\":{\"@id\":\"https:\\\/\\\/wawp.pl\\\/prezenty\\\/polityka-prywatnosci\\\/#breadcrumb\"},\"inLanguage\":\"pl-PL\",\"potentialAction\":[{\"@type\":\"ReadAction\",\"target\":[\"https:\\\/\\\/wawp.pl\\\/prezenty\\\/polityka-prywatnosci\\\/\"]}]},{\"@type\":\"BreadcrumbList\",\"@id\":\"https:\\\/\\\/wawp.pl\\\/prezenty\\\/polityka-prywatnosci\\\/#breadcrumb\",\"itemListElement\":[{\"@type\":\"ListItem\",\"position\":1,\"name\":\"Strona g\u0142\u00f3wna\",\"item\":\"https:\\\/\\\/wawp.pl\\\/prezenty\\\/\"},{\"@type\":\"ListItem\",\"position\":2,\"name\":\"Polityka prywatno\u015bci\"}]},{\"@type\":\"WebSite\",\"@id\":\"https:\\\/\\\/wawp.pl\\\/prezenty\\\/#website\",\"url\":\"https:\\\/\\\/wawp.pl\\\/prezenty\\\/\",\"name\":\"Zestawy \u015awi\u0105teczne\",\"description\":\"Kosze \u015awi\u0105teczne, Podarunkowe, Prezentowe\",\"publisher\":{\"@id\":\"https:\\\/\\\/wawp.pl\\\/prezenty\\\/#organization\"},\"potentialAction\":[{\"@type\":\"SearchAction\",\"target\":{\"@type\":\"EntryPoint\",\"urlTemplate\":\"https:\\\/\\\/wawp.pl\\\/prezenty\\\/?s={search_term_string}\"},\"query-input\":{\"@type\":\"PropertyValueSpecification\",\"valueRequired\":true,\"valueName\":\"search_term_string\"}}],\"inLanguage\":\"pl-PL\"},{\"@type\":\"Organization\",\"@id\":\"https:\\\/\\\/wawp.pl\\\/prezenty\\\/#organization\",\"name\":\"Zestawy \u015awi\u0105teczne\",\"url\":\"https:\\\/\\\/wawp.pl\\\/prezenty\\\/\",\"logo\":{\"@type\":\"ImageObject\",\"inLanguage\":\"pl-PL\",\"@id\":\"https:\\\/\\\/wawp.pl\\\/prezenty\\\/#\\\/schema\\\/logo\\\/image\\\/\",\"url\":\"https:\\\/\\\/wawp.pl\\\/prezenty\\\/wp-content\\\/uploads\\\/2021\\\/11\\\/cropped-logo.png\",\"contentUrl\":\"https:\\\/\\\/wawp.pl\\\/prezenty\\\/wp-content\\\/uploads\\\/2021\\\/11\\\/cropped-logo.png\",\"width\":360,\"height\":137,\"caption\":\"Zestawy \u015awi\u0105teczne\"},\"image\":{\"@id\":\"https:\\\/\\\/wawp.pl\\\/prezenty\\\/#\\\/schema\\\/logo\\\/image\\\/\"}}]}<\/script>\n<!-- \/ Yoast SEO plugin. -->","yoast_head_json":{"title":"Polityka prywatno\u015bci - Zestawy \u015awi\u0105teczne","robots":{"index":"index","follow":"follow","max-snippet":"max-snippet:-1","max-image-preview":"max-image-preview:large","max-video-preview":"max-video-preview:-1"},"canonical":"https:\/\/wawp.pl\/prezenty\/polityka-prywatnosci\/","og_locale":"pl_PL","og_type":"article","og_title":"Polityka prywatno\u015bci - Zestawy \u015awi\u0105teczne","og_description":"1. Szanuj\u0105c Twoje prawa oraz respektuj\u0105c przepisy Rozporz\u0105dzenia Parlamentu Europejskiego i Rady (UE) 2016\/679 z dnia 27 kwietnia 2016 r. w sprawie ochrony os\u00f3b fizycznych w zwi\u0105zku z przetwarzaniem danych osobowych i w sprawie swobodnego przep\u0142ywu takich danych oraz uchylenia dyrektywy 95\/46\/WE (RODO), o\u015bwiadczamy, \u017ce zobowi\u0105zujemy si\u0119 do zachowania bezpiecze\u0144stwa i poufno\u015bci pozyskanych danych osobowych. [&hellip;]","og_url":"https:\/\/wawp.pl\/prezenty\/polityka-prywatnosci\/","og_site_name":"Zestawy \u015awi\u0105teczne","article_modified_time":"2021-11-25T12:00:24+00:00","twitter_card":"summary_large_image","twitter_misc":{"Szacowany czas czytania":"3 minuty"},"schema":{"@context":"https:\/\/schema.org","@graph":[{"@type":"WebPage","@id":"https:\/\/wawp.pl\/prezenty\/polityka-prywatnosci\/","url":"https:\/\/wawp.pl\/prezenty\/polityka-prywatnosci\/","name":"Polityka prywatno\u015bci - Zestawy \u015awi\u0105teczne","isPartOf":{"@id":"https:\/\/wawp.pl\/prezenty\/#website"},"datePublished":"2021-11-03T17:33:11+00:00","dateModified":"2021-11-25T12:00:24+00:00","breadcrumb":{"@id":"https:\/\/wawp.pl\/prezenty\/polityka-prywatnosci\/#breadcrumb"},"inLanguage":"pl-PL","potentialAction":[{"@type":"ReadAction","target":["https:\/\/wawp.pl\/prezenty\/polityka-prywatnosci\/"]}]},{"@type":"BreadcrumbList","@id":"https:\/\/wawp.pl\/prezenty\/polityka-prywatnosci\/#breadcrumb","itemListElement":[{"@type":"ListItem","position":1,"name":"Strona g\u0142\u00f3wna","item":"https:\/\/wawp.pl\/prezenty\/"},{"@type":"ListItem","position":2,"name":"Polityka prywatno\u015bci"}]},{"@type":"WebSite","@id":"https:\/\/wawp.pl\/prezenty\/#website","url":"https:\/\/wawp.pl\/prezenty\/","name":"Zestawy \u015awi\u0105teczne","description":"Kosze \u015awi\u0105teczne, Podarunkowe, Prezentowe","publisher":{"@id":"https:\/\/wawp.pl\/prezenty\/#organization"},"potentialAction":[{"@type":"SearchAction","target":{"@type":"EntryPoint","urlTemplate":"https:\/\/wawp.pl\/prezenty\/?s={search_term_string}"},"query-input":{"@type":"PropertyValueSpecification","valueRequired":true,"valueName":"search_term_string"}}],"inLanguage":"pl-PL"},{"@type":"Organization","@id":"https:\/\/wawp.pl\/prezenty\/#organization","name":"Zestawy \u015awi\u0105teczne","url":"https:\/\/wawp.pl\/prezenty\/","logo":{"@type":"ImageObject","inLanguage":"pl-PL","@id":"https:\/\/wawp.pl\/prezenty\/#\/schema\/logo\/image\/","url":"https:\/\/wawp.pl\/prezenty\/wp-content\/uploads\/2021\/11\/cropped-logo.png","contentUrl":"https:\/\/wawp.pl\/prezenty\/wp-content\/uploads\/2021\/11\/cropped-logo.png","width":360,"height":137,"caption":"Zestawy \u015awi\u0105teczne"},"image":{"@id":"https:\/\/wawp.pl\/prezenty\/#\/schema\/logo\/image\/"}}]}},"_links":{"self":[{"href":"https:\/\/wawp.pl\/prezenty\/wp-json\/wp\/v2\/pages\/557","targetHints":{"allow":["GET"]}}],"collection":[{"href":"https:\/\/wawp.pl\/prezenty\/wp-json\/wp\/v2\/pages"}],"about":[{"href":"https:\/\/wawp.pl\/prezenty\/wp-json\/wp\/v2\/types\/page"}],"author":[{"embeddable":true,"href":"https:\/\/wawp.pl\/prezenty\/wp-json\/wp\/v2\/users\/3"}],"replies":[{"embeddable":true,"href":"https:\/\/wawp.pl\/prezenty\/wp-json\/wp\/v2\/comments?post=557"}],"version-history":[{"count":11,"href":"https:\/\/wawp.pl\/prezenty\/wp-json\/wp\/v2\/pages\/557\/revisions"}],"predecessor-version":[{"id":1348,"href":"https:\/\/wawp.pl\/prezenty\/wp-json\/wp\/v2\/pages\/557\/revisions\/1348"}],"wp:attachment":[{"href":"https:\/\/wawp.pl\/prezenty\/wp-json\/wp\/v2\/media?parent=557"}],"curies":[{"name":"wp","href":"https:\/\/api.w.org\/{rel}","templated":true}]}}