{"id":3758,"date":"2026-04-08T06:24:59","date_gmt":"2026-04-08T06:24:59","guid":{"rendered":"https:\/\/wawp.pl\/prezenty\/?page_id=3758"},"modified":"2026-04-08T11:59:42","modified_gmt":"2026-04-08T11:59:42","slug":"wydarzenia","status":"publish","type":"page","link":"https:\/\/wawp.pl\/prezenty\/wydarzenia\/","title":{"rendered":"Wydarzenia"},"content":{"rendered":"\t\t<div data-elementor-type=\"wp-page\" data-elementor-id=\"3758\" class=\"elementor elementor-3758\" data-elementor-post-type=\"page\">\n\t\t\t\t\t\t<section class=\"elementor-section elementor-top-section elementor-element elementor-element-528c322 elementor-section-boxed elementor-section-height-default elementor-section-height-default\" data-id=\"528c322\" data-element_type=\"section\" data-e-type=\"section\">\n\t\t\t\t\t\t<div class=\"elementor-container elementor-column-gap-default\">\n\t\t\t\t\t<div class=\"elementor-column elementor-col-100 elementor-top-column elementor-element elementor-element-7b074fd\" data-id=\"7b074fd\" data-element_type=\"column\" data-e-type=\"column\">\n\t\t\t<div class=\"elementor-widget-wrap elementor-element-populated\">\n\t\t\t\t\t\t<div class=\"elementor-element elementor-element-2a47528 elementor-widget elementor-widget-spacer\" data-id=\"2a47528\" data-element_type=\"widget\" data-e-type=\"widget\" data-widget_type=\"spacer.default\">\n\t\t\t\t<div class=\"elementor-widget-container\">\n\t\t\t\t\t\t\t<div class=\"elementor-spacer\">\n\t\t\t<div class=\"elementor-spacer-inner\"><\/div>\n\t\t<\/div>\n\t\t\t\t\t\t<\/div>\n\t\t\t\t<\/div>\n\t\t\t\t<div class=\"elementor-element elementor-element-c2f9c07 elementor-widget elementor-widget-spacer\" data-id=\"c2f9c07\" data-element_type=\"widget\" data-e-type=\"widget\" data-widget_type=\"spacer.default\">\n\t\t\t\t<div class=\"elementor-widget-container\">\n\t\t\t\t\t\t\t<div class=\"elementor-spacer\">\n\t\t\t<div class=\"elementor-spacer-inner\"><\/div>\n\t\t<\/div>\n\t\t\t\t\t\t<\/div>\n\t\t\t\t<\/div>\n\t\t\t\t\t<\/div>\n\t\t<\/div>\n\t\t\t\t\t<\/div>\n\t\t<\/section>\n\t\t\t\t<section class=\"elementor-section elementor-top-section elementor-element elementor-element-bf81fd8 elementor-section-boxed elementor-section-height-default elementor-section-height-default\" data-id=\"bf81fd8\" data-element_type=\"section\" data-e-type=\"section\">\n\t\t\t\t\t\t<div class=\"elementor-container elementor-column-gap-default\">\n\t\t\t\t\t<div class=\"elementor-column elementor-col-100 elementor-top-column elementor-element elementor-element-e096119\" data-id=\"e096119\" data-element_type=\"column\" data-e-type=\"column\">\n\t\t\t<div class=\"elementor-widget-wrap elementor-element-populated\">\n\t\t\t\t\t\t<div class=\"elementor-element elementor-element-e9f2526 wl-columns-3 elementor-widget elementor-widget-wl-product-grid\" data-id=\"e9f2526\" data-element_type=\"widget\" data-e-type=\"widget\" data-widget_type=\"wl-product-grid.default\">\n\t\t\t\t<div class=\"elementor-widget-container\">\n\t\t\t\t\t<div class=\"woocommerce columns-3 \"><div class=\"woolentor-before-shop\"><div class=\"woocommerce-notices-wrapper\"><\/div><form class=\"woocommerce-ordering\" method=\"get\">\n\t\t<select\n\t\tname=\"orderby\"\n\t\tclass=\"orderby\"\n\t\t\t\t\taria-label=\"Zam\u00f3wienie w sklepie\"\n\t\t\t>\n\t\t\t\t\t<option value=\"title_asc\" >Sortuj po nazwie AZ<\/option>\n\t\t\t\t\t<option value=\"title_desc\"  selected='selected'>Sortuj po nazwie ZA<\/option>\n\t\t\t\t\t<option value=\"natural_order\" >Sortuj domy\u015blnie<\/option>\n\t\t\t\t\t<option value=\"popularity\" >Sortuj wg popularno\u015bci<\/option>\n\t\t\t\t\t<option value=\"date\" >Sortuj od najnowszych<\/option>\n\t\t\t\t\t<option value=\"price\" >Sortuj po cenie od najni\u017cszej<\/option>\n\t\t\t\t\t<option value=\"price-desc\" >Sortuj po cenie od najwy\u017cszej<\/option>\n\t\t\t<\/select>\n\t<input type=\"hidden\" name=\"paged\" value=\"1\" \/>\n\t<\/form>\n<\/div><div class=\"woolentor-products wl-row columns-3   \" data-settings=\"\" ><div class=\"product woolentor-grid-style-5 wl-col-3\">\n    <div class=\"ht-product-2 ht-overflow-hidden\">\n        <div class=\"ht-product-image-wrap-2 ht-overflow-hidden\">\n            <a href=\"https:\/\/wawp.pl\/prezenty\/produkt\/old-pulteney\/\" aria-label=\"Old Pulteney 14.05.26\" rel=\"nofollow\">\n                <img fetchpriority=\"high\" decoding=\"async\" width=\"360\" height=\"360\" src=\"https:\/\/wawp.pl\/prezenty\/wp-content\/uploads\/2026\/05\/Old-Pulteney-short-360x360.png\" class=\"ht-default-img ht-product-img-zoom wp-post-image\" alt=\"old-pulteney\" srcset=\"https:\/\/wawp.pl\/prezenty\/wp-content\/uploads\/2026\/05\/Old-Pulteney-short-360x360.png 360w, https:\/\/wawp.pl\/prezenty\/wp-content\/uploads\/2026\/05\/Old-Pulteney-short-300x300.png 300w, https:\/\/wawp.pl\/prezenty\/wp-content\/uploads\/2026\/05\/Old-Pulteney-short-1024x1024.png 1024w, https:\/\/wawp.pl\/prezenty\/wp-content\/uploads\/2026\/05\/Old-Pulteney-short-150x150.png 150w, https:\/\/wawp.pl\/prezenty\/wp-content\/uploads\/2026\/05\/Old-Pulteney-short-768x768.png 768w, https:\/\/wawp.pl\/prezenty\/wp-content\/uploads\/2026\/05\/Old-Pulteney-short-570x570.png 570w, https:\/\/wawp.pl\/prezenty\/wp-content\/uploads\/2026\/05\/Old-Pulteney-short-100x100.png 100w, https:\/\/wawp.pl\/prezenty\/wp-content\/uploads\/2026\/05\/Old-Pulteney-short.png 1375w\" sizes=\"(max-width: 360px) 100vw, 360px\" \/>            <\/a>\n            <div class=\"ht-product-badges ht-badges-right\">\n                            <\/div>\n\n                            \n                    <\/div>\n\n        <div class=\"ht-product-content-2\">\n\n            \n                            <div class=\"ht-product-content-2-wrap ht-text-center\">\n                    <div class=\"ht-product-content-2 ht-product-content-2-up\">\n                        \n                        <h4 class=\"ht-product-title-2\"><a href=\"https:\/\/wawp.pl\/prezenty\/produkt\/old-pulteney\/\">Old Pulteney 14.05.26<\/a><\/h4>\n                        <div class=\"ht-product-price-2\">\n                            <span class=\"woocommerce-Price-amount amount\"><bdi>139&nbsp;<span class=\"woocommerce-Price-currencySymbol\">&#122;&#322;<\/span><\/bdi><\/span>                        <\/div>\n                                                                    <\/div>\n                    <div class=\"ht-product-action-6\">\n                        <ul>\n                            <li>\n                                <a href=\"#\" class=\"ht-product-action-icon-2 woolentorquickview\" data-quick-id=\"3867\" ><i class=\"sli sli-magnifier\"><\/i><\/a>\n                            <\/li>\n                            <li>\n                                <a href=\"https:\/\/wawp.pl\/prezenty\/wp-json\/wp\/v2\/pages\/3758\/?add-to-cart=3867\" data-quantity=\"1\" class=\"woolentor-product-addtocart product_type_simple add_to_cart_button ajax_add_to_cart woolentor-button-icon-\" data-product_id=\"3867\"><i aria-hidden=\"true\" class=\"fas fa-plus\"><\/i><\/a>\n                            <\/li>\n                                                    <\/ul>\n                    <\/div>\n                <\/div>\n\n            \n        <\/div>\n    <\/div>\n<\/div><div class=\"product woolentor-grid-style-5 wl-col-3\">\n    <div class=\"ht-product-2 ht-overflow-hidden\">\n        <div class=\"ht-product-image-wrap-2 ht-overflow-hidden\">\n            <a href=\"https:\/\/wawp.pl\/prezenty\/produkt\/test-kopia-kopia\/\" aria-label=\"WARSZTATY KOKTAJLOWE 28.05.26\" rel=\"nofollow\">\n                <img decoding=\"async\" width=\"360\" height=\"360\" src=\"https:\/\/wawp.pl\/prezenty\/wp-content\/uploads\/2026\/05\/0camp-360x360.jpg\" class=\"ht-default-img ht-product-img-zoom wp-post-image\" alt=\"test-kopia-kopia\" srcset=\"https:\/\/wawp.pl\/prezenty\/wp-content\/uploads\/2026\/05\/0camp-360x360.jpg 360w, https:\/\/wawp.pl\/prezenty\/wp-content\/uploads\/2026\/05\/0camp-150x150.jpg 150w, https:\/\/wawp.pl\/prezenty\/wp-content\/uploads\/2026\/05\/0camp-100x100.jpg 100w\" sizes=\"(max-width: 360px) 100vw, 360px\" \/>            <\/a>\n            <div class=\"ht-product-badges ht-badges-right\">\n                            <\/div>\n\n                            \n                    <\/div>\n\n        <div class=\"ht-product-content-2\">\n\n            \n                            <div class=\"ht-product-content-2-wrap ht-text-center\">\n                    <div class=\"ht-product-content-2 ht-product-content-2-up\">\n                        \n                        <h4 class=\"ht-product-title-2\"><a href=\"https:\/\/wawp.pl\/prezenty\/produkt\/test-kopia-kopia\/\">WARSZTATY KOKTAJLOWE 28.05.26<\/a><\/h4>\n                        <div class=\"ht-product-price-2\">\n                            <span class=\"woocommerce-Price-amount amount\"><bdi>149&nbsp;<span class=\"woocommerce-Price-currencySymbol\">&#122;&#322;<\/span><\/bdi><\/span>                        <\/div>\n                                                                    <\/div>\n                    <div class=\"ht-product-action-6\">\n                        <ul>\n                            <li>\n                                <a href=\"#\" class=\"ht-product-action-icon-2 woolentorquickview\" data-quick-id=\"3871\" ><i class=\"sli sli-magnifier\"><\/i><\/a>\n                            <\/li>\n                            <li>\n                                <a href=\"https:\/\/wawp.pl\/prezenty\/wp-json\/wp\/v2\/pages\/3758\/?add-to-cart=3871\" data-quantity=\"1\" class=\"woolentor-product-addtocart product_type_simple add_to_cart_button ajax_add_to_cart woolentor-button-icon-\" data-product_id=\"3871\"><i aria-hidden=\"true\" class=\"fas fa-plus\"><\/i><\/a>\n                            <\/li>\n                                                    <\/ul>\n                    <\/div>\n                <\/div>\n\n            \n        <\/div>\n    <\/div>\n<\/div><\/div><\/div>\t\t\t\t<\/div>\n\t\t\t\t<\/div>\n\t\t\t\t\t<\/div>\n\t\t<\/div>\n\t\t\t\t\t<\/div>\n\t\t<\/section>\n\t\t\t\t<\/div>\n\t\t","protected":false},"excerpt":{"rendered":"<p>Sortuj po nazwie AZSortuj po nazwie ZASortuj domy\u015blnieSortuj wg popularno\u015bciSortuj od najnowszychSortuj po cenie od najni\u017cszejSortuj po cenie od najwy\u017cszej Lagavulin &amp; Clynelish, DSR w WAWP Wola \u2013 09.04.2026 299\u00a0z\u0142<\/p>\n","protected":false},"author":152,"featured_media":0,"parent":0,"menu_order":0,"comment_status":"closed","ping_status":"closed","template":"elementor_header_footer","meta":{"_acf_changed":false,"footnotes":""},"class_list":["post-3758","page","type-page","status-publish","hentry"],"acf":[],"yoast_head":"<!-- This site is optimized with the Yoast SEO plugin v27.3 - https:\/\/yoast.com\/product\/yoast-seo-wordpress\/ -->\n<title>Wydarzenia - Whisky and Wine Place<\/title>\n<meta name=\"robots\" content=\"index, follow, max-snippet:-1, max-image-preview:large, max-video-preview:-1\" \/>\n<link rel=\"canonical\" href=\"https:\/\/wawp.pl\/prezenty\/wydarzenia\/\" \/>\n<meta property=\"og:locale\" content=\"pl_PL\" \/>\n<meta property=\"og:type\" content=\"article\" \/>\n<meta property=\"og:title\" content=\"Wydarzenia - Whisky and Wine Place\" \/>\n<meta property=\"og:description\" content=\"Sortuj po nazwie AZSortuj po nazwie ZASortuj domy\u015blnieSortuj wg popularno\u015bciSortuj od najnowszychSortuj po cenie od najni\u017cszejSortuj po cenie od najwy\u017cszej Lagavulin &amp; Clynelish, DSR w WAWP Wola \u2013 09.04.2026 299\u00a0z\u0142\" \/>\n<meta property=\"og:url\" content=\"https:\/\/wawp.pl\/prezenty\/wydarzenia\/\" \/>\n<meta property=\"og:site_name\" content=\"Zestawy \u015awi\u0105teczne\" \/>\n<meta property=\"article:modified_time\" content=\"2026-04-08T11:59:42+00:00\" \/>\n<meta property=\"og:image\" content=\"https:\/\/wawp.pl\/prezenty\/wp-content\/uploads\/2026\/04\/wydarzenie-wawp-360x360.jpg\" \/>\n<meta name=\"twitter:card\" content=\"summary_large_image\" \/>\n<meta name=\"twitter:label1\" content=\"Szacowany czas czytania\" \/>\n\t<meta name=\"twitter:data1\" content=\"1 minuta\" \/>\n<script type=\"application\/ld+json\" class=\"yoast-schema-graph\">{\"@context\":\"https:\\\/\\\/schema.org\",\"@graph\":[{\"@type\":\"WebPage\",\"@id\":\"https:\\\/\\\/wawp.pl\\\/prezenty\\\/wydarzenia\\\/\",\"url\":\"https:\\\/\\\/wawp.pl\\\/prezenty\\\/wydarzenia\\\/\",\"name\":\"Wydarzenia - Whisky and Wine Place\",\"isPartOf\":{\"@id\":\"https:\\\/\\\/wawp.pl\\\/prezenty\\\/#website\"},\"primaryImageOfPage\":{\"@id\":\"https:\\\/\\\/wawp.pl\\\/prezenty\\\/wydarzenia\\\/#primaryimage\"},\"image\":{\"@id\":\"https:\\\/\\\/wawp.pl\\\/prezenty\\\/wydarzenia\\\/#primaryimage\"},\"thumbnailUrl\":\"https:\\\/\\\/wawp.pl\\\/prezenty\\\/wp-content\\\/uploads\\\/2026\\\/04\\\/wydarzenie-wawp-360x360.jpg\",\"datePublished\":\"2026-04-08T06:24:59+00:00\",\"dateModified\":\"2026-04-08T11:59:42+00:00\",\"breadcrumb\":{\"@id\":\"https:\\\/\\\/wawp.pl\\\/prezenty\\\/wydarzenia\\\/#breadcrumb\"},\"inLanguage\":\"pl-PL\",\"potentialAction\":[{\"@type\":\"ReadAction\",\"target\":[\"https:\\\/\\\/wawp.pl\\\/prezenty\\\/wydarzenia\\\/\"]}]},{\"@type\":\"ImageObject\",\"inLanguage\":\"pl-PL\",\"@id\":\"https:\\\/\\\/wawp.pl\\\/prezenty\\\/wydarzenia\\\/#primaryimage\",\"url\":\"https:\\\/\\\/wawp.pl\\\/prezenty\\\/wp-content\\\/uploads\\\/2026\\\/04\\\/wydarzenie-wawp.jpg\",\"contentUrl\":\"https:\\\/\\\/wawp.pl\\\/prezenty\\\/wp-content\\\/uploads\\\/2026\\\/04\\\/wydarzenie-wawp.jpg\",\"width\":1175,\"height\":875},{\"@type\":\"BreadcrumbList\",\"@id\":\"https:\\\/\\\/wawp.pl\\\/prezenty\\\/wydarzenia\\\/#breadcrumb\",\"itemListElement\":[{\"@type\":\"ListItem\",\"position\":1,\"name\":\"Strona g\u0142\u00f3wna\",\"item\":\"https:\\\/\\\/wawp.pl\\\/prezenty\\\/\"},{\"@type\":\"ListItem\",\"position\":2,\"name\":\"Wydarzenia\"}]},{\"@type\":\"WebSite\",\"@id\":\"https:\\\/\\\/wawp.pl\\\/prezenty\\\/#website\",\"url\":\"https:\\\/\\\/wawp.pl\\\/prezenty\\\/\",\"name\":\"Zestawy \u015awi\u0105teczne\",\"description\":\"Kosze \u015awi\u0105teczne, Podarunkowe, Prezentowe\",\"publisher\":{\"@id\":\"https:\\\/\\\/wawp.pl\\\/prezenty\\\/#organization\"},\"potentialAction\":[{\"@type\":\"SearchAction\",\"target\":{\"@type\":\"EntryPoint\",\"urlTemplate\":\"https:\\\/\\\/wawp.pl\\\/prezenty\\\/?s={search_term_string}\"},\"query-input\":{\"@type\":\"PropertyValueSpecification\",\"valueRequired\":true,\"valueName\":\"search_term_string\"}}],\"inLanguage\":\"pl-PL\"},{\"@type\":\"Organization\",\"@id\":\"https:\\\/\\\/wawp.pl\\\/prezenty\\\/#organization\",\"name\":\"Zestawy \u015awi\u0105teczne\",\"url\":\"https:\\\/\\\/wawp.pl\\\/prezenty\\\/\",\"logo\":{\"@type\":\"ImageObject\",\"inLanguage\":\"pl-PL\",\"@id\":\"https:\\\/\\\/wawp.pl\\\/prezenty\\\/#\\\/schema\\\/logo\\\/image\\\/\",\"url\":\"https:\\\/\\\/wawp.pl\\\/prezenty\\\/wp-content\\\/uploads\\\/2021\\\/11\\\/cropped-logo.png\",\"contentUrl\":\"https:\\\/\\\/wawp.pl\\\/prezenty\\\/wp-content\\\/uploads\\\/2021\\\/11\\\/cropped-logo.png\",\"width\":360,\"height\":137,\"caption\":\"Zestawy \u015awi\u0105teczne\"},\"image\":{\"@id\":\"https:\\\/\\\/wawp.pl\\\/prezenty\\\/#\\\/schema\\\/logo\\\/image\\\/\"}}]}<\/script>\n<!-- \/ Yoast SEO plugin. -->","yoast_head_json":{"title":"Wydarzenia - Whisky and Wine Place","robots":{"index":"index","follow":"follow","max-snippet":"max-snippet:-1","max-image-preview":"max-image-preview:large","max-video-preview":"max-video-preview:-1"},"canonical":"https:\/\/wawp.pl\/prezenty\/wydarzenia\/","og_locale":"pl_PL","og_type":"article","og_title":"Wydarzenia - Whisky and Wine Place","og_description":"Sortuj po nazwie AZSortuj po nazwie ZASortuj domy\u015blnieSortuj wg popularno\u015bciSortuj od najnowszychSortuj po cenie od najni\u017cszejSortuj po cenie od najwy\u017cszej Lagavulin &amp; Clynelish, DSR w WAWP Wola \u2013 09.04.2026 299\u00a0z\u0142","og_url":"https:\/\/wawp.pl\/prezenty\/wydarzenia\/","og_site_name":"Zestawy \u015awi\u0105teczne","article_modified_time":"2026-04-08T11:59:42+00:00","og_image":[{"url":"https:\/\/wawp.pl\/prezenty\/wp-content\/uploads\/2026\/04\/wydarzenie-wawp-360x360.jpg","type":"","width":"","height":""}],"twitter_card":"summary_large_image","twitter_misc":{"Szacowany czas czytania":"1 minuta"},"schema":{"@context":"https:\/\/schema.org","@graph":[{"@type":"WebPage","@id":"https:\/\/wawp.pl\/prezenty\/wydarzenia\/","url":"https:\/\/wawp.pl\/prezenty\/wydarzenia\/","name":"Wydarzenia - Whisky and Wine Place","isPartOf":{"@id":"https:\/\/wawp.pl\/prezenty\/#website"},"primaryImageOfPage":{"@id":"https:\/\/wawp.pl\/prezenty\/wydarzenia\/#primaryimage"},"image":{"@id":"https:\/\/wawp.pl\/prezenty\/wydarzenia\/#primaryimage"},"thumbnailUrl":"https:\/\/wawp.pl\/prezenty\/wp-content\/uploads\/2026\/04\/wydarzenie-wawp-360x360.jpg","datePublished":"2026-04-08T06:24:59+00:00","dateModified":"2026-04-08T11:59:42+00:00","breadcrumb":{"@id":"https:\/\/wawp.pl\/prezenty\/wydarzenia\/#breadcrumb"},"inLanguage":"pl-PL","potentialAction":[{"@type":"ReadAction","target":["https:\/\/wawp.pl\/prezenty\/wydarzenia\/"]}]},{"@type":"ImageObject","inLanguage":"pl-PL","@id":"https:\/\/wawp.pl\/prezenty\/wydarzenia\/#primaryimage","url":"https:\/\/wawp.pl\/prezenty\/wp-content\/uploads\/2026\/04\/wydarzenie-wawp.jpg","contentUrl":"https:\/\/wawp.pl\/prezenty\/wp-content\/uploads\/2026\/04\/wydarzenie-wawp.jpg","width":1175,"height":875},{"@type":"BreadcrumbList","@id":"https:\/\/wawp.pl\/prezenty\/wydarzenia\/#breadcrumb","itemListElement":[{"@type":"ListItem","position":1,"name":"Strona g\u0142\u00f3wna","item":"https:\/\/wawp.pl\/prezenty\/"},{"@type":"ListItem","position":2,"name":"Wydarzenia"}]},{"@type":"WebSite","@id":"https:\/\/wawp.pl\/prezenty\/#website","url":"https:\/\/wawp.pl\/prezenty\/","name":"Zestawy \u015awi\u0105teczne","description":"Kosze \u015awi\u0105teczne, Podarunkowe, Prezentowe","publisher":{"@id":"https:\/\/wawp.pl\/prezenty\/#organization"},"potentialAction":[{"@type":"SearchAction","target":{"@type":"EntryPoint","urlTemplate":"https:\/\/wawp.pl\/prezenty\/?s={search_term_string}"},"query-input":{"@type":"PropertyValueSpecification","valueRequired":true,"valueName":"search_term_string"}}],"inLanguage":"pl-PL"},{"@type":"Organization","@id":"https:\/\/wawp.pl\/prezenty\/#organization","name":"Zestawy \u015awi\u0105teczne","url":"https:\/\/wawp.pl\/prezenty\/","logo":{"@type":"ImageObject","inLanguage":"pl-PL","@id":"https:\/\/wawp.pl\/prezenty\/#\/schema\/logo\/image\/","url":"https:\/\/wawp.pl\/prezenty\/wp-content\/uploads\/2021\/11\/cropped-logo.png","contentUrl":"https:\/\/wawp.pl\/prezenty\/wp-content\/uploads\/2021\/11\/cropped-logo.png","width":360,"height":137,"caption":"Zestawy \u015awi\u0105teczne"},"image":{"@id":"https:\/\/wawp.pl\/prezenty\/#\/schema\/logo\/image\/"}}]}},"_links":{"self":[{"href":"https:\/\/wawp.pl\/prezenty\/wp-json\/wp\/v2\/pages\/3758","targetHints":{"allow":["GET"]}}],"collection":[{"href":"https:\/\/wawp.pl\/prezenty\/wp-json\/wp\/v2\/pages"}],"about":[{"href":"https:\/\/wawp.pl\/prezenty\/wp-json\/wp\/v2\/types\/page"}],"author":[{"embeddable":true,"href":"https:\/\/wawp.pl\/prezenty\/wp-json\/wp\/v2\/users\/152"}],"replies":[{"embeddable":true,"href":"https:\/\/wawp.pl\/prezenty\/wp-json\/wp\/v2\/comments?post=3758"}],"version-history":[{"count":11,"href":"https:\/\/wawp.pl\/prezenty\/wp-json\/wp\/v2\/pages\/3758\/revisions"}],"predecessor-version":[{"id":3771,"href":"https:\/\/wawp.pl\/prezenty\/wp-json\/wp\/v2\/pages\/3758\/revisions\/3771"}],"wp:attachment":[{"href":"https:\/\/wawp.pl\/prezenty\/wp-json\/wp\/v2\/media?parent=3758"}],"curies":[{"name":"wp","href":"https:\/\/api.w.org\/{rel}","templated":true}]}}